{"id":409,"date":"2024-07-17T14:32:14","date_gmt":"2024-07-17T12:32:14","guid":{"rendered":"https:\/\/syno.ch\/?page_id=409"},"modified":"2025-12-17T10:42:02","modified_gmt":"2025-12-17T09:42:02","slug":"contact-and-directions","status":"publish","type":"page","link":"https:\/\/syno.ch\/en\/contact-and-directions\/","title":{"rendered":"Contact and Directions"},"content":{"rendered":"\n<div class=\"wp-block-cover alignfull is-light has-custom-content-position is-position-bottom-center\"><video class=\"wp-block-cover__video-background intrinsic-ignore\" autoplay muted loop playsinline src=\"https:\/\/syno.ch\/wp-content\/uploads\/2024\/08\/SYNO_locus_vid.mp4\" data-object-fit=\"cover\"><\/video><span aria-hidden=\"true\" class=\"wp-block-cover__background has-black-background-color has-background-dim-30 has-background-dim\"><\/span><div class=\"wp-block-cover__inner-container is-layout-constrained wp-block-cover-is-layout-constrained\">\n<h1 class=\"wp-block-heading has-text-align-center has-text-color has-link-color wp-elements-9b06b045aee6986ac39faa1af939574e\" style=\"color:#ffffff\">Contact and Directions<\/h1>\n<\/div><\/div>\n\n\n\n<div class=\"wp-block-group is-style-whitesilver-colorscheme\"><div class=\"wp-block-group__inner-container is-layout-constrained wp-block-group-is-layout-constrained\">\n<div class=\"wp-block-columns is-layout-flex wp-container-core-columns-is-layout-28f84493 wp-block-columns-is-layout-flex\">\n<div class=\"wp-block-column is-layout-flow wp-block-column-is-layout-flow\">\n<p class=\"has-large-font-size\"><strong>+41 44 430 33 33<\/strong><\/p>\n<\/div>\n\n\n\n<div class=\"wp-block-column is-layout-flow wp-block-column-is-layout-flow\">\n<p class=\"has-large-font-size\">info@syno.ch<\/p>\n<\/div>\n<\/div>\n\n\n\n<div style=\"height:40px\" aria-hidden=\"true\" class=\"wp-block-spacer\"><\/div>\n\n\n\n<div class=\"wp-block-columns is-layout-flex wp-container-core-columns-is-layout-28f84493 wp-block-columns-is-layout-flex\">\n<div class=\"wp-block-column is-layout-flow wp-block-column-is-layout-flow\">\n<h3 class=\"wp-block-heading\">Opening hours<\/h3>\n\n\n\n<p>Dates by appointment and at the following times:<br>Mon and Wed: 10:30am\u20137:00pm<br>Tue and Thu: 8:00am\u20134:30pm<br>Fri: 9:00am\u20132.00pm<br>and by appointment.<\/p>\n<\/div>\n\n\n\n<div class=\"wp-block-column is-layout-flow wp-block-column-is-layout-flow\">\n<h3 class=\"wp-block-heading\">Address<\/h3>\n\n\n\n<p>SYNO Praxis f\u00fcr Kieferorthop\u00e4die AG<br>L\u00f6wenstrasse 16 (3rd floor)<br>8001 Z\u00fcrich<br>Switzerland<\/p>\n<\/div>\n<\/div>\n<\/div><\/div>\n\n\n\n<div class=\"wp-block-group is-style-silver-colorscheme no-padding\"><div class=\"wp-block-group__inner-container is-layout-constrained wp-block-group-is-layout-constrained\">\n <div class=\"brlbs-cmpnt-container brlbs-cmpnt-content-blocker brlbs-cmpnt-with-individual-styles\" data-borlabs-cookie-content-blocker-id=\"google-maps\" data-borlabs-cookie-content=\"PGlmcmFtZSBjbGFzcz0iZ21hcF9pZnJhbWUiIHdpZHRoPSIxMDAlIiBoZWlnaHQ9IjEwMCUiIGZyYW1lYm9yZGVyPSIwIiBzY3JvbGxpbmc9Im5vIiBtYXJnaW5oZWlnaHQ9IjAiIG1hcmdpbndpZHRoPSIwIiBzcmM9Imh0dHBzOi8vbWFwcy5nb29nbGUuY29tL21hcHM\/d2lkdGg9MTAwJTtoZWlnaHQ9MTAwJTtobD1lbiZhbXA7cT1Mw7Z3ZW5zdHJhc3NlIDE2IDgwMDEgWnVyaWNoJmFtcDt0PSZhbXA7ej0xNSZhbXA7aWU9VVRGOCZhbXA7aXdsb2M9QiZhbXA7b3V0cHV0PWVtYmVkIj48L2lmcmFtZT4=\"><div class=\"brlbs-cmpnt-cb-preset-b brlbs-cmpnt-cb-google-maps\"> <div class=\"brlbs-cmpnt-cb-thumbnail\" style=\"background-image: url('https:\/\/syno.ch\/wp-content\/uploads\/borlabs-cookie\/1\/brlbs-cb-google-maps-main.png')\"><\/div> <div class=\"brlbs-cmpnt-cb-main\"> <div class=\"brlbs-cmpnt-cb-content\"> <p class=\"brlbs-cmpnt-cb-description\">You are currently viewing a placeholder content from <strong>Google Maps<\/strong>. To access the actual content, click the button below. Please note that doing so will share data with third-party providers.<\/p> <a class=\"brlbs-cmpnt-cb-provider-toggle\" href=\"#\" data-borlabs-cookie-show-provider-information role=\"button\">More Information<\/a> <\/div> <div class=\"brlbs-cmpnt-cb-buttons\"> <a class=\"brlbs-cmpnt-cb-btn\" href=\"#\" data-borlabs-cookie-unblock role=\"button\">Unblock content<\/a> <a class=\"brlbs-cmpnt-cb-btn\" href=\"#\" data-borlabs-cookie-accept-service role=\"button\" style=\"display: inherit\">Accept required service and unblock content<\/a> <\/div> <\/div> <\/div><\/div>\n<\/div><\/div>\n\n\n\n<div class=\"wp-block-group is-style-lightblue-colorscheme\"><div class=\"wp-block-group__inner-container is-layout-constrained wp-block-group-is-layout-constrained\">\n<h2 class=\"wp-block-heading alignfull\">Access<\/h2>\n\n\n\n<div style=\"height:50px\" aria-hidden=\"true\" class=\"wp-block-spacer\"><\/div>\n\n\n\n<div class=\"wp-block-columns is-layout-flex wp-container-core-columns-is-layout-28f84493 wp-block-columns-is-layout-flex\">\n<div class=\"wp-block-column is-layout-flow wp-block-column-is-layout-flow\">\n<h3 class=\"wp-block-heading\">By car<\/h3>\n\n\n\n<p class=\"icon-parking\"><strong>Parking Jelmoli (2 min walk)<\/strong><br><a href=\"https:\/\/goo.gl\/maps\/sMzscb5iHX47APko7\" target=\"_blank\" rel=\"noreferrer noopener\">Steinm\u00fchleplatz 1<\/a><\/p>\n\n\n\n<p class=\"icon-parking\"><strong>Migros City Parking (3 min walk)<\/strong><br><a href=\"https:\/\/goo.gl\/maps\/JAJj7RsuuYuRnxZJ8\" target=\"_blank\" rel=\"noreferrer noopener\">L\u00f6wenstrasse 31<\/a><\/p>\n\n\n\n<p class=\"icon-parking\"><strong>City Parkhaus (3 min walk)<\/strong><br><a href=\"https:\/\/goo.gl\/maps\/U6ayJ17hKXGtk6Cw5\" target=\"_blank\" rel=\"noreferrer noopener\">Gessnerallee 14, entrance Schanzengraben<\/a><\/p>\n\n\n\n<p class=\"icon-parking\"><strong>Parkhaus Globus (4 min walk)<\/strong><br><a href=\"https:\/\/goo.gl\/maps\/uf86Tdx4uLhU3jvr8\" target=\"_blank\" rel=\"noreferrer noopener\">Schweizergasse 11 at L\u00f6wenplatz<\/a><\/p>\n\n\n\n<p class=\"icon-parking\"><strong>Parkhaus Urania (5 min walk)<\/strong><br><a href=\"https:\/\/goo.gl\/maps\/cTroaLdDbuvwr72S9\" target=\"_blank\" rel=\"noreferrer noopener\">Uraniastrasse 3<\/a><\/p>\n<\/div>\n\n\n\n<div class=\"wp-block-column is-layout-flow wp-block-column-is-layout-flow\">\n<h3 class=\"wp-block-heading\">By public transport<\/h3>\n\n\n\n<p><strong>Stops:<\/strong><br>L\u00f6wenplatz, Tram No. 3, No. 14, Bus No. 31: Three minute walk<\/p>\n\n\n\n<p>Sihlstrasse. Tram Nr.2, Nr.9: Two min walking distance<\/p>\n\n\n\n<p class=\"icon-direction\"><strong>Zurich Central Station (Hauptbahnhof)<\/strong><br><a href=\"https:\/\/goo.gl\/maps\/8FGcumjEywqvhMWY8\" target=\"_blank\" rel=\"noreferrer noopener\">From Bahnhofplatz to SYNO: 7 min walk<\/a><br><\/p>\n<\/div>\n<\/div>\n\n\n\n<p><\/p>\n<\/div><\/div>\n","protected":false},"excerpt":{"rendered":"<p>+41 44 430 33 33 info@syno.ch Opening hours Dates by appointment and at the following times:Mon and Wed: 10:30am\u20137:00pmTue and Thu: 8:00am\u20134:30pmFri: 9:00am\u20132.00pmand by appointment. Address SYNO Praxis f\u00fcr Kieferorthop\u00e4die AGL\u00f6wenstrasse 16 (3rd floor)8001 Z\u00fcrichSwitzerland You are currently viewing a placeholder content from Google Maps. To access the actual content, click the button below. Please [&hellip;]<\/p>\n","protected":false},"author":1,"featured_media":0,"parent":0,"menu_order":0,"comment_status":"closed","ping_status":"closed","template":"","meta":{"footnotes":""},"class_list":["post-409","page","type-page","status-publish","hentry"],"yoast_head":"<!-- This site is optimized with the Yoast SEO plugin v27.2 - https:\/\/yoast.com\/product\/yoast-seo-wordpress\/ -->\n<title>Contact and Directions - Syno<\/title>\n<meta name=\"description\" content=\"Syno Orthodontics Zurich Contact and Directions \u2022 Opening hours \u2022 Access by car \u2022 Access by public transport\" \/>\n<meta name=\"robots\" content=\"index, follow, max-snippet:-1, max-image-preview:large, max-video-preview:-1\" \/>\n<link rel=\"canonical\" href=\"https:\/\/syno.ch\/en\/contact-and-directions\/\" \/>\n<meta property=\"og:locale\" content=\"en_US\" \/>\n<meta property=\"og:type\" content=\"article\" \/>\n<meta property=\"og:title\" content=\"Contact and Directions - Syno\" \/>\n<meta property=\"og:description\" content=\"Syno Orthodontics Zurich Contact and Directions \u2022 Opening hours \u2022 Access by car \u2022 Access by public transport\" \/>\n<meta property=\"og:url\" content=\"https:\/\/syno.ch\/en\/contact-and-directions\/\" \/>\n<meta property=\"og:site_name\" content=\"Syno\" \/>\n<meta property=\"article:publisher\" content=\"https:\/\/www.facebook.com\/SYNOPraxisZurich\" \/>\n<meta property=\"article:modified_time\" content=\"2025-12-17T09:42:02+00:00\" \/>\n<meta name=\"twitter:card\" content=\"summary_large_image\" \/>\n<meta name=\"twitter:label1\" content=\"Est. reading time\" \/>\n\t<meta name=\"twitter:data1\" content=\"1 minute\" \/>\n<script type=\"application\/ld+json\" class=\"yoast-schema-graph\">{\"@context\":\"https:\/\/schema.org\",\"@graph\":[{\"@type\":\"WebPage\",\"@id\":\"https:\/\/syno.ch\/en\/contact-and-directions\/\",\"url\":\"https:\/\/syno.ch\/en\/contact-and-directions\/\",\"name\":\"Contact and Directions - Syno\",\"isPartOf\":{\"@id\":\"https:\/\/syno.ch\/#website\"},\"datePublished\":\"2024-07-17T12:32:14+00:00\",\"dateModified\":\"2025-12-17T09:42:02+00:00\",\"description\":\"Syno Orthodontics Zurich Contact and Directions \u2022 Opening hours \u2022 Access by car \u2022 Access by public transport\",\"breadcrumb\":{\"@id\":\"https:\/\/syno.ch\/en\/contact-and-directions\/#breadcrumb\"},\"inLanguage\":\"en-US\",\"potentialAction\":[{\"@type\":\"ReadAction\",\"target\":[\"https:\/\/syno.ch\/en\/contact-and-directions\/\"]}]},{\"@type\":\"BreadcrumbList\",\"@id\":\"https:\/\/syno.ch\/en\/contact-and-directions\/#breadcrumb\",\"itemListElement\":[{\"@type\":\"ListItem\",\"position\":1,\"name\":\"Startseite\",\"item\":\"https:\/\/syno.ch\/en\/\"},{\"@type\":\"ListItem\",\"position\":2,\"name\":\"Contact and Directions\"}]},{\"@type\":\"WebSite\",\"@id\":\"https:\/\/syno.ch\/#website\",\"url\":\"https:\/\/syno.ch\/\",\"name\":\"Syno\",\"description\":\"Praxis f\u00fcr Kieferorthop\u00e4die\",\"potentialAction\":[{\"@type\":\"SearchAction\",\"target\":{\"@type\":\"EntryPoint\",\"urlTemplate\":\"https:\/\/syno.ch\/?s={search_term_string}\"},\"query-input\":{\"@type\":\"PropertyValueSpecification\",\"valueRequired\":true,\"valueName\":\"search_term_string\"}}],\"inLanguage\":\"en-US\"}]}<\/script>\n<!-- \/ Yoast SEO plugin. -->","yoast_head_json":{"title":"Contact and Directions - Syno","description":"Syno Orthodontics Zurich Contact and Directions \u2022 Opening hours \u2022 Access by car \u2022 Access by public transport","robots":{"index":"index","follow":"follow","max-snippet":"max-snippet:-1","max-image-preview":"max-image-preview:large","max-video-preview":"max-video-preview:-1"},"canonical":"https:\/\/syno.ch\/en\/contact-and-directions\/","og_locale":"en_US","og_type":"article","og_title":"Contact and Directions - Syno","og_description":"Syno Orthodontics Zurich Contact and Directions \u2022 Opening hours \u2022 Access by car \u2022 Access by public transport","og_url":"https:\/\/syno.ch\/en\/contact-and-directions\/","og_site_name":"Syno","article_publisher":"https:\/\/www.facebook.com\/SYNOPraxisZurich","article_modified_time":"2025-12-17T09:42:02+00:00","twitter_card":"summary_large_image","twitter_misc":{"Est. reading time":"1 minute"},"schema":{"@context":"https:\/\/schema.org","@graph":[{"@type":"WebPage","@id":"https:\/\/syno.ch\/en\/contact-and-directions\/","url":"https:\/\/syno.ch\/en\/contact-and-directions\/","name":"Contact and Directions - Syno","isPartOf":{"@id":"https:\/\/syno.ch\/#website"},"datePublished":"2024-07-17T12:32:14+00:00","dateModified":"2025-12-17T09:42:02+00:00","description":"Syno Orthodontics Zurich Contact and Directions \u2022 Opening hours \u2022 Access by car \u2022 Access by public transport","breadcrumb":{"@id":"https:\/\/syno.ch\/en\/contact-and-directions\/#breadcrumb"},"inLanguage":"en-US","potentialAction":[{"@type":"ReadAction","target":["https:\/\/syno.ch\/en\/contact-and-directions\/"]}]},{"@type":"BreadcrumbList","@id":"https:\/\/syno.ch\/en\/contact-and-directions\/#breadcrumb","itemListElement":[{"@type":"ListItem","position":1,"name":"Startseite","item":"https:\/\/syno.ch\/en\/"},{"@type":"ListItem","position":2,"name":"Contact and Directions"}]},{"@type":"WebSite","@id":"https:\/\/syno.ch\/#website","url":"https:\/\/syno.ch\/","name":"Syno","description":"Praxis f\u00fcr Kieferorthop\u00e4die","potentialAction":[{"@type":"SearchAction","target":{"@type":"EntryPoint","urlTemplate":"https:\/\/syno.ch\/?s={search_term_string}"},"query-input":{"@type":"PropertyValueSpecification","valueRequired":true,"valueName":"search_term_string"}}],"inLanguage":"en-US"}]}},"_links":{"self":[{"href":"https:\/\/syno.ch\/en\/wp-json\/wp\/v2\/pages\/409","targetHints":{"allow":["GET"]}}],"collection":[{"href":"https:\/\/syno.ch\/en\/wp-json\/wp\/v2\/pages"}],"about":[{"href":"https:\/\/syno.ch\/en\/wp-json\/wp\/v2\/types\/page"}],"author":[{"embeddable":true,"href":"https:\/\/syno.ch\/en\/wp-json\/wp\/v2\/users\/1"}],"replies":[{"embeddable":true,"href":"https:\/\/syno.ch\/en\/wp-json\/wp\/v2\/comments?post=409"}],"version-history":[{"count":24,"href":"https:\/\/syno.ch\/en\/wp-json\/wp\/v2\/pages\/409\/revisions"}],"predecessor-version":[{"id":701,"href":"https:\/\/syno.ch\/en\/wp-json\/wp\/v2\/pages\/409\/revisions\/701"}],"wp:attachment":[{"href":"https:\/\/syno.ch\/en\/wp-json\/wp\/v2\/media?parent=409"}],"curies":[{"name":"wp","href":"https:\/\/api.w.org\/{rel}","templated":true}]}}